{"id":27,"date":"2013-10-16T20:18:40","date_gmt":"2013-10-16T18:18:40","guid":{"rendered":"http:\/\/blauwerk-gmbh.de\/?page_id=27"},"modified":"2019-01-04T11:18:38","modified_gmt":"2019-01-04T09:18:38","slug":"abenteuer-deutschland","status":"publish","type":"page","link":"https:\/\/blauwerk-gmbh.de\/?page_id=27","title":{"rendered":"Abenteuer Deutschland"},"content":{"rendered":"<p>blauwerk hat das Projekt &#8222;Abenteuer Deutschland&#8220; mit einer drehbaren mobilen Photovoltaikanlage unterst\u00fctzt. Dadurch konnten s\u00e4mtliche Ger\u00e4te wie Kameras, EDV, Telefone usw. mit elektrischer Energie versorgt werden.<\/p>\n<p>&#8222;Abenteuer Deutschland&#8220; ist ein Buchprojekt von National Geographic, Leica und Florian Wagner.<\/p>\n<p>Mehr dazu:<\/p>\n<p><a title=\"Abenteuer Deutschland auf facebook\" href=\"https:\/\/www.facebook.com\/pages\/Abenteuer-Deutschland\/452246994867966?fref=ts\" target=\"_blank\">https:\/\/www.facebook.com\/pages\/Abenteuer-Deutschland\/452246994867966?fref=ts<\/a><\/p>\n<p><a title=\"Abenteuer Deutschland bei National Geographic\" href=\"http:\/\/www.nationalgeographic.de\/die-welt-von-ng\/special\/deutschland-zu-pferd\" target=\"_blank\">http:\/\/www.nationalgeographic.de\/die-welt-von-ng\/special\/deutschland-zu-pferd<\/a><\/p>\n\n\t\t<style type=\"text\/css\">\n\t\t\t#gallery-1 {\n\t\t\t\tmargin: auto;\n\t\t\t}\n\t\t\t#gallery-1 .gallery-item {\n\t\t\t\tfloat: left;\n\t\t\t\tmargin-top: 10px;\n\t\t\t\ttext-align: center;\n\t\t\t\twidth: 100%;\n\t\t\t}\n\t\t\t#gallery-1 img {\n\t\t\t\tborder: 2px solid #cfcfcf;\n\t\t\t}\n\t\t\t#gallery-1 .gallery-caption {\n\t\t\t\tmargin-left: 0;\n\t\t\t}\n\t\t\t\/* see gallery_shortcode() in wp-includes\/media.php *\/\n\t\t<\/style>\n\t\t<div id='gallery-1' class='gallery galleryid-27 gallery-columns-1 gallery-size-thumbnail'><dl class='gallery-item'>\n\t\t\t<dt class='gallery-icon landscape'>\n\t\t\t\t<a href='https:\/\/blauwerk-gmbh.de\/?attachment_id=70'><img width=\"150\" height=\"150\" src=\"https:\/\/blauwerk-gmbh.de\/wp-content\/uploads\/2013\/10\/PICT4737kl-150x150.jpg\" class=\"attachment-thumbnail size-thumbnail\" alt=\"Mobile Energieversorgung\" loading=\"lazy\" aria-describedby=\"gallery-1-70\" srcset=\"https:\/\/blauwerk-gmbh.de\/wp-content\/uploads\/2013\/10\/PICT4737kl-150x150.jpg 150w, https:\/\/blauwerk-gmbh.de\/wp-content\/uploads\/2013\/10\/PICT4737kl-48x48.jpg 48w\" sizes=\"(max-width: 150px) 100vw, 150px\" \/><\/a>\n\t\t\t<\/dt>\n\t\t\t\t<dd class='wp-caption-text gallery-caption' id='gallery-1-70'>\n\t\t\t\tDie blauwerk Photovoltaikanlage auf dem Discovery 4 montiert\n\t\t\t\t<\/dd><\/dl><br style=\"clear: both\" \/><dl class='gallery-item'>\n\t\t\t<dt class='gallery-icon landscape'>\n\t\t\t\t<a href='https:\/\/blauwerk-gmbh.de\/?attachment_id=41'><img width=\"150\" height=\"150\" src=\"https:\/\/blauwerk-gmbh.de\/wp-content\/uploads\/2013\/10\/PICT47481-150x150.jpg\" class=\"attachment-thumbnail size-thumbnail\" alt=\"\" loading=\"lazy\" aria-describedby=\"gallery-1-41\" \/><\/a>\n\t\t\t<\/dt>\n\t\t\t\t<dd class='wp-caption-text gallery-caption' id='gallery-1-41'>\n\t\t\t\tDeatilaufnahme der Anlage\n\t\t\t\t<\/dd><\/dl><br style=\"clear: both\" \/><dl class='gallery-item'>\n\t\t\t<dt class='gallery-icon landscape'>\n\t\t\t\t<a href='https:\/\/blauwerk-gmbh.de\/?attachment_id=37'><img width=\"150\" height=\"150\" src=\"https:\/\/blauwerk-gmbh.de\/wp-content\/uploads\/2013\/10\/PICT4724-150x150.jpg\" class=\"attachment-thumbnail size-thumbnail\" alt=\"\" loading=\"lazy\" aria-describedby=\"gallery-1-37\" \/><\/a>\n\t\t\t<\/dt>\n\t\t\t\t<dd class='wp-caption-text gallery-caption' id='gallery-1-37'>\n\t\t\t\tDie Anlage zusammengeklappt und fahrbeit.\n\t\t\t\t<\/dd><\/dl><br style=\"clear: both\" \/><dl class='gallery-item'>\n\t\t\t<dt class='gallery-icon landscape'>\n\t\t\t\t<a href='https:\/\/blauwerk-gmbh.de\/?attachment_id=35'><img width=\"150\" height=\"150\" src=\"https:\/\/blauwerk-gmbh.de\/wp-content\/uploads\/2013\/10\/Finale-Zeichung-aufgeklappt-60-grad-150x150.jpg\" class=\"attachment-thumbnail size-thumbnail\" alt=\"\" loading=\"lazy\" aria-describedby=\"gallery-1-35\" \/><\/a>\n\t\t\t<\/dt>\n\t\t\t\t<dd class='wp-caption-text gallery-caption' id='gallery-1-35'>\n\t\t\t\tDie Konstruktionsansicht\n\t\t\t\t<\/dd><\/dl><br style=\"clear: both\" \/>\n\t\t<\/div>\n\n","protected":false},"excerpt":{"rendered":"<p>blauwerk hat das Projekt &#8222;Abenteuer Deutschland&#8220; mit einer drehbaren mobilen Photovoltaikanlage unterst\u00fctzt. Dadurch konnten s\u00e4mtliche Ger\u00e4te wie Kameras, EDV, Telefone usw. mit elektrischer Energie versorgt werden. &#8222;Abenteuer Deutschland&#8220; ist ein Buchprojekt von National Geographic, Leica und Florian Wagner. Mehr dazu: https:\/\/www.facebook.com\/pages\/Abenteuer-Deutschland\/452246994867966?fref=ts http:\/\/www.nationalgeographic.de\/die-welt-von-ng\/special\/deutschland-zu-pferd<\/p>\n","protected":false},"author":1,"featured_media":0,"parent":0,"menu_order":1,"comment_status":"closed","ping_status":"open","template":"","meta":[],"_links":{"self":[{"href":"https:\/\/blauwerk-gmbh.de\/index.php?rest_route=\/wp\/v2\/pages\/27"}],"collection":[{"href":"https:\/\/blauwerk-gmbh.de\/index.php?rest_route=\/wp\/v2\/pages"}],"about":[{"href":"https:\/\/blauwerk-gmbh.de\/index.php?rest_route=\/wp\/v2\/types\/page"}],"author":[{"embeddable":true,"href":"https:\/\/blauwerk-gmbh.de\/index.php?rest_route=\/wp\/v2\/users\/1"}],"replies":[{"embeddable":true,"href":"https:\/\/blauwerk-gmbh.de\/index.php?rest_route=%2Fwp%2Fv2%2Fcomments&post=27"}],"version-history":[{"count":5,"href":"https:\/\/blauwerk-gmbh.de\/index.php?rest_route=\/wp\/v2\/pages\/27\/revisions"}],"predecessor-version":[{"id":76,"href":"https:\/\/blauwerk-gmbh.de\/index.php?rest_route=\/wp\/v2\/pages\/27\/revisions\/76"}],"wp:attachment":[{"href":"https:\/\/blauwerk-gmbh.de\/index.php?rest_route=%2Fwp%2Fv2%2Fmedia&parent=27"}],"curies":[{"name":"wp","href":"https:\/\/api.w.org\/{rel}","templated":true}]}}